{"id":104,"date":"2019-09-03T19:15:41","date_gmt":"2019-09-03T17:15:41","guid":{"rendered":"http:\/\/losmaguenes.com\/?page_id=104"},"modified":"2019-09-24T09:56:17","modified_gmt":"2019-09-24T07:56:17","slug":"ubicacion","status":"publish","type":"page","link":"https:\/\/losmaguenes.com\/?page_id=104","title":{"rendered":"Ubicaci\u00f3n"},"content":{"rendered":"<p>[et_pb_section fb_built=\u00bb1&#8243; fullwidth=\u00bbon\u00bb _builder_version=\u00bb3.27.4&#8243; fb_built=\u00bb1&#8243; _i=\u00bb0&#8243; _address=\u00bb0&#8243;][et_pb_fullwidth_post_title meta=\u00bboff\u00bb featured_image=\u00bboff\u00bb text_color=\u00bblight\u00bb _builder_version=\u00bb3.27.4&#8243; background_image=\u00bbhttps:\/\/losmaguenes.com\/wp-content\/uploads\/2019\/09\/Finca-Los-Maguenes-Abama-Tenerife-43.jpg\u00bb text_orientation=\u00bbcenter\u00bb custom_padding=\u00bb||64px||false|false\u00bb text_shadow_style=\u00bbpreset1&#8243; _i=\u00bb0&#8243; _address=\u00bb0.0&#8243;][\/et_pb_fullwidth_post_title][\/et_pb_section][et_pb_section fb_built=\u00bb1&#8243; _builder_version=\u00bb3.27.4&#8243; fb_built=\u00bb1&#8243; _i=\u00bb1&#8243; _address=\u00bb1&#8243;][et_pb_row column_structure=\u00bb1_3,1_3,1_3&#8243; _builder_version=\u00bb3.27.4&#8243; _i=\u00bb0&#8243; _address=\u00bb1.0&#8243;][et_pb_column type=\u00bb1_3&#8243; _builder_version=\u00bb3.27.4&#8243; _i=\u00bb0&#8243; _address=\u00bb1.0.0&#8243;][et_pb_image src=\u00bbhttps:\/\/losmaguenes.com\/wp-content\/uploads\/2019\/09\/Canarias-en-Europa.png\u00bb show_in_lightbox=\u00bbon\u00bb _builder_version=\u00bb3.27.4&#8243; _i=\u00bb0&#8243; _address=\u00bb1.0.0.0&#8243;][\/et_pb_image][\/et_pb_column][et_pb_column type=\u00bb1_3&#8243; _builder_version=\u00bb3.27.4&#8243; _i=\u00bb1&#8243; _address=\u00bb1.0.1&#8243;][et_pb_image src=\u00bbhttps:\/\/losmaguenes.com\/wp-content\/uploads\/2019\/09\/Tenerife-Canarias.png\u00bb show_in_lightbox=\u00bbon\u00bb _builder_version=\u00bb3.27.4&#8243; _i=\u00bb0&#8243; _address=\u00bb1.0.1.0&#8243;][\/et_pb_image][\/et_pb_column][et_pb_column type=\u00bb1_3&#8243; _builder_version=\u00bb3.27.4&#8243; _i=\u00bb2&#8243; _address=\u00bb1.0.2&#8243;][et_pb_image src=\u00bbhttps:\/\/losmaguenes.com\/wp-content\/uploads\/2019\/09\/Guia-de-Isora-en-Tenerife.png\u00bb show_in_lightbox=\u00bbon\u00bb _builder_version=\u00bb3.27.4&#8243; _i=\u00bb0&#8243; _address=\u00bb1.0.2.0&#8243;][\/et_pb_image][\/et_pb_column][\/et_pb_row][et_pb_row _builder_version=\u00bb3.27.4&#8243; _i=\u00bb1&#8243; _address=\u00bb1.1&#8243;][et_pb_column type=\u00bb4_4&#8243; _builder_version=\u00bb3.27.4&#8243; _i=\u00bb0&#8243; _address=\u00bb1.1.0&#8243;][et_pb_text _builder_version=\u00bb3.27.4&#8243; _i=\u00bb0&#8243; _address=\u00bb1.1.0.0&#8243;]<\/p>\n<h3 style=\"text-align: center;\">Tenerife \u00b7 Islas Canarias \u00b7 Espa\u00f1a<\/h3>\n<p style=\"text-align: center;\">Finca los Maguenes se encuentra en la isla de Tenerife, perteneciente al archipi\u00e9lago de las Islas Canarias (Espa\u00f1a). <br \/>Junto a<span class=\"Apple-converted-space\">\u00a0<\/span>La Palma,<span class=\"Apple-converted-space\">\u00a0<\/span>La Gomera<span class=\"Apple-converted-space\">\u00a0<\/span>y<span class=\"Apple-converted-space\">\u00a0<\/span>El Hierro, Tenerife\u00a0conforma la<span class=\"Apple-converted-space\">\u00a0<\/span>provincia de Santa Cruz de Tenerife. <br \/>Tiene una superficie de 2034,38 km\u00b2 y una poblaci\u00f3n de 904\u00a0713 habitantes (2018)<\/p>\n<p>&nbsp;<\/p>\n<p>[\/et_pb_text][et_pb_code _builder_version=\u00bb3.29.3&#8243; hover_enabled=\u00bb0&#8243; _i=\u00bb1&#8243; _address=\u00bb1.1.0.1&#8243;]<iframe loading=\"lazy\" width=\"100%\" height=\"450\" frameborder=\"0\" scrolling=\"no\" marginheight=\"0\" marginwidth=\"0\" src=\"https:\/\/www.openstreetmap.org\/export\/embed.html?bbox=-16.86332702636719%2C28.09901369333382%2C-16.730203628540043%2C28.237481226921165&amp;layer=mapnik&amp;marker=28.168269859119324%2C-16.79680824279785\" style=\"border: 1px solid black\"><\/iframe><!\u2013- [et_pb_br_holder] -\u2013><small><a href=\"https:\/\/www.openstreetmap.org\/?mlat=28.1683&amp;mlon=-16.7968#map=14\/28.1683\/-16.7968&amp;layers=N\">Ver mapa m\u00e1s grande<\/a><\/small>[\/et_pb_code][\/et_pb_column][\/et_pb_row][et_pb_row column_structure=\u00bb1_2,1_2&#8243; _builder_version=\u00bb3.27.4&#8243; _i=\u00bb2&#8243; _address=\u00bb1.2&#8243;][et_pb_column type=\u00bb1_2&#8243; _builder_version=\u00bb3.27.4&#8243; _i=\u00bb0&#8243; _address=\u00bb1.2.0&#8243;][et_pb_image src=\u00bbhttps:\/\/losmaguenes.com\/wp-content\/uploads\/2019\/09\/Magenes-Gu\u00eda-de-Isora-1.jpg\u00bb show_in_lightbox=\u00bbon\u00bb _builder_version=\u00bb3.27.4&#8243; _i=\u00bb0&#8243; _address=\u00bb1.2.0.0&#8243;][\/et_pb_image][\/et_pb_column][et_pb_column type=\u00bb1_2&#8243; _builder_version=\u00bb3.27.4&#8243; _i=\u00bb1&#8243; _address=\u00bb1.2.1&#8243;][et_pb_image src=\u00bbhttps:\/\/losmaguenes.com\/wp-content\/uploads\/2019\/09\/Magenes-Gu\u00eda-de-Isora-2.jpg\u00bb show_in_lightbox=\u00bbon\u00bb _builder_version=\u00bb3.27.4&#8243; _i=\u00bb0&#8243; _address=\u00bb1.2.1.0&#8243;][\/et_pb_image][\/et_pb_column][\/et_pb_row][et_pb_row _builder_version=\u00bb3.27.4&#8243; custom_margin=\u00bb11px|auto||auto||\u00bb _i=\u00bb3&#8243; _address=\u00bb1.3&#8243;][et_pb_column type=\u00bb4_4&#8243; _builder_version=\u00bb3.27.4&#8243; _i=\u00bb0&#8243; _address=\u00bb1.3.0&#8243;][et_pb_text _builder_version=\u00bb3.27.4&#8243; _i=\u00bb0&#8243; _address=\u00bb1.3.0.0&#8243;]<\/p>\n<p style=\"text-align: center;\">La finca est\u00e1 en un lugar privilegiado del sur de Tenerife, junto al Abama Golf y muy pr\u00f3ximo al Ritz-Carlton Abama y su playa.<\/p>\n<p>[\/et_pb_text][\/et_pb_column][\/et_pb_row][et_pb_row _builder_version=\u00bb3.27.4&#8243; _i=\u00bb4&#8243; _address=\u00bb1.4&#8243;][et_pb_column type=\u00bb4_4&#8243; _builder_version=\u00bb3.27.4&#8243; _i=\u00bb0&#8243; _address=\u00bb1.4.0&#8243;][et_pb_image src=\u00bbhttps:\/\/losmaguenes.com\/wp-content\/uploads\/2019\/09\/Maguenes-foto-dron.jpg\u00bb force_fullwidth=\u00bbon\u00bb _builder_version=\u00bb3.27.4&#8243; _i=\u00bb0&#8243; _address=\u00bb1.4.0.0&#8243;][\/et_pb_image][\/et_pb_column][\/et_pb_row][\/et_pb_section]<\/p>\n","protected":false},"excerpt":{"rendered":"<p>Tenerife \u00b7 Islas Canarias \u00b7 Espa\u00f1a Finca los Maguenes se encuentra en la isla de Tenerife, perteneciente al archipi\u00e9lago de las Islas Canarias (Espa\u00f1a). Junto a\u00a0La Palma,\u00a0La Gomera\u00a0y\u00a0El Hierro, Tenerife\u00a0conforma la\u00a0provincia de Santa Cruz de Tenerife. Tiene una superficie de 2034,38 km\u00b2 y una poblaci\u00f3n de 904\u00a0713 habitantes (2018) &nbsp;La finca est\u00e1 en un lugar [&hellip;]<\/p>\n","protected":false},"author":1,"featured_media":0,"parent":0,"menu_order":0,"comment_status":"closed","ping_status":"closed","template":"","meta":{"_et_pb_use_builder":"on","_et_pb_old_content":"","_et_gb_content_width":"","footnotes":""},"class_list":["post-104","page","type-page","status-publish","hentry"],"_links":{"self":[{"href":"https:\/\/losmaguenes.com\/index.php?rest_route=\/wp\/v2\/pages\/104","targetHints":{"allow":["GET"]}}],"collection":[{"href":"https:\/\/losmaguenes.com\/index.php?rest_route=\/wp\/v2\/pages"}],"about":[{"href":"https:\/\/losmaguenes.com\/index.php?rest_route=\/wp\/v2\/types\/page"}],"author":[{"embeddable":true,"href":"https:\/\/losmaguenes.com\/index.php?rest_route=\/wp\/v2\/users\/1"}],"replies":[{"embeddable":true,"href":"https:\/\/losmaguenes.com\/index.php?rest_route=%2Fwp%2Fv2%2Fcomments&post=104"}],"version-history":[{"count":5,"href":"https:\/\/losmaguenes.com\/index.php?rest_route=\/wp\/v2\/pages\/104\/revisions"}],"predecessor-version":[{"id":320,"href":"https:\/\/losmaguenes.com\/index.php?rest_route=\/wp\/v2\/pages\/104\/revisions\/320"}],"wp:attachment":[{"href":"https:\/\/losmaguenes.com\/index.php?rest_route=%2Fwp%2Fv2%2Fmedia&parent=104"}],"curies":[{"name":"wp","href":"https:\/\/api.w.org\/{rel}","templated":true}]}}