{"id":118,"date":"2019-09-03T19:18:24","date_gmt":"2019-09-03T17:18:24","guid":{"rendered":"http:\/\/losmaguenes.com\/?page_id=118"},"modified":"2019-10-15T12:06:38","modified_gmt":"2019-10-15T10:06:38","slug":"explotacion-agraria","status":"publish","type":"page","link":"https:\/\/losmaguenes.com\/?page_id=118","title":{"rendered":"Explotaci\u00f3n Agraria"},"content":{"rendered":"<p>[et_pb_section fb_built=\u00bb1&#8243; fullwidth=\u00bbon\u00bb _builder_version=\u00bb3.22&#8243; fb_built=\u00bb1&#8243; bb_built=\u00bb1&#8243; _i=\u00bb0&#8243; _address=\u00bb0&#8243;][et_pb_fullwidth_post_title meta=\u00bboff\u00bb featured_image=\u00bboff\u00bb text_color=\u00bblight\u00bb _builder_version=\u00bb3.27.4&#8243; background_image=\u00bbhttps:\/\/losmaguenes.com\/wp-content\/uploads\/2019\/09\/Finca-Los-Maguenes-Abama-Tenerife-21.jpg\u00bb text_orientation=\u00bbcenter\u00bb custom_padding=\u00bb||64px||false|false\u00bb z_index_tablet=\u00bb500&#8243; title_text_shadow_style=\u00bbpreset1&#8243; title_text_shadow_vertical_length_tablet=\u00bb0px\u00bb title_text_shadow_blur_strength_tablet=\u00bb1px\u00bb meta_text_shadow_horizontal_length_tablet=\u00bb0px\u00bb meta_text_shadow_vertical_length_tablet=\u00bb0px\u00bb meta_text_shadow_blur_strength_tablet=\u00bb1px\u00bb box_shadow_horizontal_tablet=\u00bb0px\u00bb box_shadow_vertical_tablet=\u00bb0px\u00bb box_shadow_blur_tablet=\u00bb40px\u00bb box_shadow_spread_tablet=\u00bb0px\u00bb text_shadow_horizontal_length_tablet=\u00bb0px\u00bb text_shadow_vertical_length_tablet=\u00bb0px\u00bb text_shadow_blur_strength_tablet=\u00bb1px\u00bb _i=\u00bb0&#8243; _address=\u00bb0.0&#8243;]<br \/>\n[\/et_pb_fullwidth_post_title][\/et_pb_section][et_pb_section fb_built=\u00bb1&#8243; _builder_version=\u00bb3.22&#8243; fb_built=\u00bb1&#8243; bb_built=\u00bb1&#8243; _i=\u00bb1&#8243; _address=\u00bb1&#8243;][et_pb_row column_structure=\u00bb1_2,1_2&#8243; _builder_version=\u00bb3.25&#8243; background_size=\u00bbinitial\u00bb background_position=\u00bbtop_left\u00bb background_repeat=\u00bbrepeat\u00bb _i=\u00bb0&#8243; _address=\u00bb1.0&#8243;][et_pb_column type=\u00bb1_2&#8243; _builder_version=\u00bb3.0.47&#8243; custom_padding=\u00bb|||\u00bb custom_padding__hover=\u00bb|||\u00bb _i=\u00bb0&#8243; _address=\u00bb1.0.0&#8243;][et_pb_text _builder_version=\u00bb3.27.4&#8243; z_index_tablet=\u00bb500&#8243; text_text_shadow_horizontal_length_tablet=\u00bb0px\u00bb text_text_shadow_vertical_length_tablet=\u00bb0px\u00bb text_text_shadow_blur_strength_tablet=\u00bb1px\u00bb link_text_shadow_horizontal_length_tablet=\u00bb0px\u00bb link_text_shadow_vertical_length_tablet=\u00bb0px\u00bb link_text_shadow_blur_strength_tablet=\u00bb1px\u00bb ul_text_shadow_horizontal_length_tablet=\u00bb0px\u00bb ul_text_shadow_vertical_length_tablet=\u00bb0px\u00bb ul_text_shadow_blur_strength_tablet=\u00bb1px\u00bb ol_text_shadow_horizontal_length_tablet=\u00bb0px\u00bb ol_text_shadow_vertical_length_tablet=\u00bb0px\u00bb ol_text_shadow_blur_strength_tablet=\u00bb1px\u00bb quote_text_shadow_horizontal_length_tablet=\u00bb0px\u00bb quote_text_shadow_vertical_length_tablet=\u00bb0px\u00bb quote_text_shadow_blur_strength_tablet=\u00bb1px\u00bb header_text_shadow_horizontal_length_tablet=\u00bb0px\u00bb header_text_shadow_vertical_length_tablet=\u00bb0px\u00bb header_text_shadow_blur_strength_tablet=\u00bb1px\u00bb header_2_text_shadow_horizontal_length_tablet=\u00bb0px\u00bb header_2_text_shadow_vertical_length_tablet=\u00bb0px\u00bb header_2_text_shadow_blur_strength_tablet=\u00bb1px\u00bb header_3_text_shadow_horizontal_length_tablet=\u00bb0px\u00bb header_3_text_shadow_vertical_length_tablet=\u00bb0px\u00bb header_3_text_shadow_blur_strength_tablet=\u00bb1px\u00bb header_4_text_shadow_horizontal_length_tablet=\u00bb0px\u00bb header_4_text_shadow_vertical_length_tablet=\u00bb0px\u00bb header_4_text_shadow_blur_strength_tablet=\u00bb1px\u00bb header_5_text_shadow_horizontal_length_tablet=\u00bb0px\u00bb header_5_text_shadow_vertical_length_tablet=\u00bb0px\u00bb header_5_text_shadow_blur_strength_tablet=\u00bb1px\u00bb header_6_text_shadow_horizontal_length_tablet=\u00bb0px\u00bb header_6_text_shadow_vertical_length_tablet=\u00bb0px\u00bb header_6_text_shadow_blur_strength_tablet=\u00bb1px\u00bb box_shadow_horizontal_tablet=\u00bb0px\u00bb box_shadow_vertical_tablet=\u00bb0px\u00bb box_shadow_blur_tablet=\u00bb40px\u00bb box_shadow_spread_tablet=\u00bb0px\u00bb _i=\u00bb0&#8243; _address=\u00bb1.0.0.0&#8243;]<\/p>\n<p>En la actualidad, la Finca <b>Los Maguenes<\/b> est\u00e1 destinada al cultivo del pl\u00e1tano ofreciendo una productividad anual que oscila los 380.000 kg de pl\u00e1tanos.<\/p>\n<p><span style=\"font-size: 18px;\">La ubicaci\u00f3n de la finca, las caracter\u00edsticas del suelo y el clima de la zona permitir\u00edan una \u201csencilla\u201d reconversi\u00f3n de la explotaci\u00f3n a otros cultivos m\u00e1s rentables o m\u00e1s oportunidades de comercializaci\u00f3n, como el mango, la papaya o el aguacate\u2026<\/span><\/p>\n<p><span style=\"font-size: 18px;\">La rentabilidad media anual de la finca es de 103.422,65 \u20ac antes de impuestos tal como se muestra en la siguiente tabla.<\/span><br \/><span style=\"font-size: 18px;\"><\/span><\/p>\n<p>[\/et_pb_text][\/et_pb_column][et_pb_column type=\u00bb1_2&#8243; _builder_version=\u00bb3.0.47&#8243; custom_padding=\u00bb|||\u00bb custom_padding__hover=\u00bb|||\u00bb _i=\u00bb1&#8243; _address=\u00bb1.0.1&#8243;][et_pb_image src=\u00bbhttps:\/\/losmaguenes.com\/wp-content\/uploads\/2019\/09\/Finca-Los-Maguenes-Abama-Tenerife-24.jpg\u00bb _builder_version=\u00bb3.27.4&#8243; z_index_tablet=\u00bb500&#8243; box_shadow_horizontal_tablet=\u00bb0px\u00bb box_shadow_vertical_tablet=\u00bb0px\u00bb box_shadow_blur_tablet=\u00bb40px\u00bb box_shadow_spread_tablet=\u00bb0px\u00bb _i=\u00bb0&#8243; _address=\u00bb1.0.1.0&#8243;]<br \/>\n[\/et_pb_image][\/et_pb_column][\/et_pb_row][et_pb_row _builder_version=\u00bb3.25&#8243; background_size=\u00bbinitial\u00bb background_position=\u00bbtop_left\u00bb background_repeat=\u00bbrepeat\u00bb _i=\u00bb1&#8243; _address=\u00bb1.1&#8243;][et_pb_column type=\u00bb4_4&#8243; _builder_version=\u00bb3.25&#8243; custom_padding=\u00bb|||\u00bb _i=\u00bb0&#8243; _address=\u00bb1.1.0&#8243; custom_padding__hover=\u00bb|||\u00bb][et_pb_text _builder_version=\u00bb3.29.3&#8243; custom_margin=\u00bb-9px|||||\u00bb custom_padding=\u00bb1px|||||\u00bb z_index_tablet=\u00bb500&#8243; hover_enabled=\u00bb0&#8243; text_text_shadow_horizontal_length_tablet=\u00bb0px\u00bb text_text_shadow_vertical_length_tablet=\u00bb0px\u00bb text_text_shadow_blur_strength_tablet=\u00bb1px\u00bb link_text_shadow_horizontal_length_tablet=\u00bb0px\u00bb link_text_shadow_vertical_length_tablet=\u00bb0px\u00bb link_text_shadow_blur_strength_tablet=\u00bb1px\u00bb ul_text_shadow_horizontal_length_tablet=\u00bb0px\u00bb ul_text_shadow_vertical_length_tablet=\u00bb0px\u00bb ul_text_shadow_blur_strength_tablet=\u00bb1px\u00bb ol_text_shadow_horizontal_length_tablet=\u00bb0px\u00bb ol_text_shadow_vertical_length_tablet=\u00bb0px\u00bb ol_text_shadow_blur_strength_tablet=\u00bb1px\u00bb quote_text_shadow_horizontal_length_tablet=\u00bb0px\u00bb quote_text_shadow_vertical_length_tablet=\u00bb0px\u00bb quote_text_shadow_blur_strength_tablet=\u00bb1px\u00bb header_text_shadow_horizontal_length_tablet=\u00bb0px\u00bb header_text_shadow_vertical_length_tablet=\u00bb0px\u00bb header_text_shadow_blur_strength_tablet=\u00bb1px\u00bb header_2_text_shadow_horizontal_length_tablet=\u00bb0px\u00bb header_2_text_shadow_vertical_length_tablet=\u00bb0px\u00bb header_2_text_shadow_blur_strength_tablet=\u00bb1px\u00bb header_3_text_shadow_horizontal_length_tablet=\u00bb0px\u00bb header_3_text_shadow_vertical_length_tablet=\u00bb0px\u00bb header_3_text_shadow_blur_strength_tablet=\u00bb1px\u00bb header_4_text_shadow_horizontal_length_tablet=\u00bb0px\u00bb header_4_text_shadow_vertical_length_tablet=\u00bb0px\u00bb header_4_text_shadow_blur_strength_tablet=\u00bb1px\u00bb header_5_text_shadow_horizontal_length_tablet=\u00bb0px\u00bb header_5_text_shadow_vertical_length_tablet=\u00bb0px\u00bb header_5_text_shadow_blur_strength_tablet=\u00bb1px\u00bb header_6_text_shadow_horizontal_length_tablet=\u00bb0px\u00bb header_6_text_shadow_vertical_length_tablet=\u00bb0px\u00bb header_6_text_shadow_blur_strength_tablet=\u00bb1px\u00bb box_shadow_horizontal_tablet=\u00bb0px\u00bb box_shadow_vertical_tablet=\u00bb0px\u00bb box_shadow_blur_tablet=\u00bb40px\u00bb box_shadow_spread_tablet=\u00bb0px\u00bb _i=\u00bb0&#8243; _address=\u00bb1.1.0.0&#8243;]<\/p>\n<h3 style=\"text-align: center;\">Documentaci\u00f3n contable de los \u00faltimo 10 a\u00f1os<\/h3>\n<p>&nbsp;<\/p>\n<table cellspacing=\"0\" cellpadding=\"0\">\n<tbody>\n<tr>\n<td valign=\"middle\">\n<p align=\"center\" style=\"text-align: center;\"><span style=\"color: #000000; font-family: Helvetica Neue; font-size: small;\"><b>A\u00f1o<\/b><\/span><\/p>\n<\/td>\n<td valign=\"middle\" style=\"text-align: center;\">\n<p align=\"center\"><span style=\"color: #000000; font-family: Helvetica Neue; font-size: small;\"><b>Resultados<\/b><\/span><\/p>\n<\/td>\n<td valign=\"middle\" style=\"text-align: center;\">\n<p align=\"center\"><span style=\"color: #000000; font-family: Helvetica Neue; font-size: small;\"><b>Finca Los Maguenes<\/b><\/span><\/p>\n<\/td>\n<td valign=\"middle\" style=\"text-align: center;\">\n<p align=\"center\"><span style=\"color: #000000; font-family: Helvetica Neue; font-size: small;\"><b>Kilos<\/b><\/span><\/p>\n<\/td>\n<td valign=\"middle\" style=\"text-align: center;\">\n<p align=\"center\"><span style=\"color: #000000; font-family: Helvetica Neue; font-size: small;\"><b>Beneficio por kg.<\/b><\/span><\/p>\n<\/td>\n<td valign=\"middle\" style=\"text-align: center;\">\n<p align=\"center\"><span style=\"color: #000000; font-family: Helvetica Neue; font-size: small;\"><b>Pi\u00f1as<\/b><\/span><\/p>\n<\/td>\n<td valign=\"middle\" style=\"text-align: center;\">\n<p align=\"center\"><span style=\"color: #000000; font-family: Helvetica Neue; font-size: small;\"><b>Peso medio<\/b><\/span><\/p>\n<\/td>\n<\/tr>\n<tr style=\"text-align: center;\">\n<td valign=\"top\"><span style=\"color: #000000; font-family: Helvetica Neue; font-size: small;\">2007<\/span><\/td>\n<td valign=\"top\">\n<p style=\"text-align: center;\"><span style=\"color: #000000; font-family: Helvetica Neue; font-size: small;\">Beneficio<\/span><\/p>\n<\/td>\n<td style=\"text-align: right;\" valign=\"top\">\n<p style=\"text-align: center;\"><span style=\"color: #000000; font-family: Helvetica Neue; font-size: small;\">132.616,30 \u20ac<\/span><\/p>\n<\/td>\n<td style=\"text-align: right;\" valign=\"top\">\n<p style=\"text-align: center;\"><span style=\"color: #000000; font-family: Helvetica Neue; font-size: small;\">285.909,00<\/span><\/p>\n<\/td>\n<td style=\"text-align: right;\" valign=\"top\">\n<p style=\"text-align: center;\"><span style=\"color: #000000; font-family: Helvetica Neue; font-size: small;\">0,46<\/span><\/p>\n<\/td>\n<td valign=\"top\" style=\"text-align: center;\"><span style=\"color: #000000; font-family: Helvetica Neue; font-size: small;\">6.971<\/span><\/td>\n<td valign=\"top\" style=\"text-align: center;\">\n<p style=\"text-align: center;\"><span style=\"color: #000000; font-family: Helvetica Neue; font-size: small;\">41,01<\/span><\/p>\n<\/td>\n<\/tr>\n<tr style=\"text-align: center;\">\n<td valign=\"top\"><span style=\"color: #000000; font-family: Helvetica Neue; font-size: small;\">2008<\/span><\/td>\n<td valign=\"top\"><span style=\"color: #000000; font-family: Helvetica Neue; font-size: small;\">Beneficio<\/span><\/td>\n<td valign=\"top\"><span style=\"color: #000000; font-family: Helvetica Neue; font-size: small;\">147.614,54<span> \u20ac<\/span><\/span><\/td>\n<td valign=\"top\"><span style=\"color: #000000; font-family: Helvetica Neue; font-size: small;\">257.359,00<\/span><\/td>\n<td valign=\"top\"><span style=\"color: #000000; font-family: Helvetica Neue; font-size: small;\">0,52<\/span><\/td>\n<td valign=\"top\"><span style=\"color: #000000; font-family: Helvetica Neue; font-size: small;\">5.824<\/span><\/td>\n<td valign=\"top\" style=\"text-align: center;\">\n<p style=\"text-align: center;\"><span style=\"color: #000000; font-family: Helvetica Neue; font-size: small;\">44,19<\/span><\/p>\n<\/td>\n<\/tr>\n<tr style=\"text-align: center;\">\n<td valign=\"top\"><span style=\"color: #000000; font-family: Helvetica Neue; font-size: small;\">2009<\/span><\/td>\n<td valign=\"top\"><span style=\"color: #000000; font-family: Helvetica Neue; font-size: small;\">Beneficio<\/span><\/td>\n<td valign=\"top\"><span style=\"color: #000000; font-family: Helvetica Neue; font-size: small;\">160.522,72<span> \u20ac<\/span><\/span><\/td>\n<td valign=\"top\"><span style=\"color: #000000; font-family: Helvetica Neue; font-size: small;\">271,476,00<\/span><\/td>\n<td valign=\"top\"><span style=\"color: #000000; font-family: Helvetica Neue; font-size: small;\">0,56<\/span><\/td>\n<td valign=\"top\"><span style=\"color: #000000; font-family: Helvetica Neue; font-size: small;\">6.440<\/span><\/td>\n<td valign=\"top\" style=\"text-align: center;\">\n<p style=\"text-align: center;\"><span style=\"color: #000000; font-family: Helvetica Neue; font-size: small;\">42,15<\/span><\/p>\n<\/td>\n<\/tr>\n<tr style=\"text-align: center;\">\n<td valign=\"top\"><span style=\"color: #000000; font-family: Helvetica Neue; font-size: small;\">2010<\/span><\/td>\n<td valign=\"top\"><span style=\"color: #000000; font-family: Helvetica Neue; font-size: small;\">Beneficio<\/span><\/td>\n<td valign=\"top\"><span style=\"color: #000000; font-family: Helvetica Neue; font-size: small;\">85.395,65<span> \u20ac<\/span><\/span><\/td>\n<td valign=\"top\"><span style=\"color: #000000; font-family: Helvetica Neue; font-size: small;\">379.230,00<\/span><\/td>\n<td valign=\"top\"><span style=\"color: #000000; font-family: Helvetica Neue; font-size: small;\">0,30<\/span><\/td>\n<td valign=\"top\"><span style=\"color: #000000; font-family: Helvetica Neue; font-size: small;\">8.758<\/span><\/td>\n<td valign=\"top\" style=\"text-align: center;\">\n<p style=\"text-align: center;\"><span style=\"color: #000000; font-family: Helvetica Neue; font-size: small;\">43,30<\/span><\/p>\n<\/td>\n<\/tr>\n<tr style=\"text-align: center;\">\n<td valign=\"top\" style=\"text-align: center;\"><span style=\"color: #000000; font-family: Helvetica Neue; font-size: small;\">2011<\/span><\/td>\n<td valign=\"top\"><span style=\"color: #000000; font-family: Helvetica Neue; font-size: small;\">Beneficio<\/span><\/td>\n<td valign=\"top\"><span style=\"color: #000000; font-family: Helvetica Neue; font-size: small;\">115.094,07<span> \u20ac<\/span><\/span><\/td>\n<td valign=\"top\"><span style=\"color: #000000; font-family: Helvetica Neue; font-size: small;\">261.996,00<\/span><\/td>\n<td valign=\"top\"><span style=\"color: #000000; font-family: Helvetica Neue; font-size: small;\">0,40<\/span><\/td>\n<td valign=\"top\"><span style=\"color: #000000; font-family: Helvetica Neue; font-size: small;\">6.547<\/span><\/td>\n<td valign=\"top\" style=\"text-align: center;\">\n<p style=\"text-align: center;\"><span style=\"color: #000000; font-family: Helvetica Neue; font-size: small;\">40,02<\/span><\/p>\n<\/td>\n<\/tr>\n<tr style=\"text-align: center;\">\n<td valign=\"top\" style=\"text-align: center;\"><span style=\"color: #000000; font-family: Helvetica Neue; font-size: small;\">2012<\/span><\/td>\n<td valign=\"top\"><span style=\"color: #000000; font-family: Helvetica Neue; font-size: small;\">Beneficio<\/span><\/td>\n<td valign=\"top\"><span style=\"color: #000000; font-family: Helvetica Neue; font-size: small;\">115.380,98<span> \u20ac<\/span><\/span><\/td>\n<td valign=\"top\"><span style=\"color: #000000; font-family: Helvetica Neue; font-size: small;\">272.170,00<\/span><\/td>\n<td valign=\"top\"><span style=\"color: #000000; font-family: Helvetica Neue; font-size: small;\">0,40<\/span><\/td>\n<td valign=\"top\"><span style=\"color: #000000; font-family: Helvetica Neue; font-size: small;\">6.680<\/span><\/td>\n<td valign=\"top\" style=\"text-align: center;\">\n<p style=\"text-align: center;\"><span style=\"color: #000000; font-family: Helvetica Neue; font-size: small;\">40,74<\/span><\/p>\n<\/td>\n<\/tr>\n<tr style=\"text-align: center;\">\n<td valign=\"top\" style=\"text-align: center;\"><span style=\"color: #000000; font-family: Helvetica Neue; font-size: small;\">2013<\/span><\/td>\n<td valign=\"top\"><span style=\"color: #000000; font-family: Helvetica Neue; font-size: small;\">Beneficio<\/span><\/td>\n<td valign=\"top\"><span style=\"color: #000000; font-family: Helvetica Neue; font-size: small;\">84.546,84<span> \u20ac<\/span><\/span><\/td>\n<td valign=\"top\"><span style=\"color: #000000; font-family: Helvetica Neue; font-size: small;\">235.310,00<\/span><\/td>\n<td valign=\"top\"><span style=\"color: #000000; font-family: Helvetica Neue; font-size: small;\">0,30<\/span><\/td>\n<td valign=\"top\"><span style=\"color: #000000; font-family: Helvetica Neue; font-size: small;\">5.984<\/span><\/td>\n<td valign=\"top\"><span style=\"color: #000000; font-family: Helvetica Neue; font-size: small;\">39,32<\/span><\/td>\n<\/tr>\n<tr style=\"text-align: center;\">\n<td valign=\"top\"><span style=\"color: #000000; font-family: Helvetica Neue; font-size: small;\">2014<\/span><\/td>\n<td valign=\"top\"><span style=\"color: #000000; font-family: Helvetica Neue; font-size: small;\">Beneficio<\/span><\/td>\n<td valign=\"top\"><span style=\"color: #000000; font-family: Helvetica Neue; font-size: small;\">48.183,94<span> \u20ac<\/span><\/span><\/td>\n<td valign=\"top\"><span style=\"color: #000000; font-family: Helvetica Neue; font-size: small;\">222.700,00<\/span><\/td>\n<td valign=\"top\"><span style=\"color: #000000; font-family: Helvetica Neue; font-size: small;\">0,17<\/span><\/td>\n<td valign=\"top\"><span style=\"color: #000000; font-family: Helvetica Neue; font-size: small;\">5.662<\/span><\/td>\n<td valign=\"top\">\n<p style=\"text-align: center;\"><span style=\"color: #000000; font-family: Helvetica Neue; font-size: small;\">39,33<\/span><\/p>\n<\/td>\n<\/tr>\n<tr style=\"text-align: center;\">\n<td valign=\"top\" style=\"text-align: center;\"><span style=\"color: #000000; font-family: Helvetica Neue; font-size: small;\">2015<\/span><\/td>\n<td valign=\"top\"><span style=\"color: #000000; font-family: Helvetica Neue; font-size: small;\">Beneficio<\/span><\/td>\n<td valign=\"top\"><span style=\"color: #000000; font-family: Helvetica Neue; font-size: small;\">66.420,27<span> \u20ac<\/span><\/span><\/td>\n<td valign=\"top\"><span style=\"color: #000000; font-family: Helvetica Neue; font-size: small;\">306.488,00<\/span><\/td>\n<td valign=\"top\"><span style=\"color: #000000; font-family: Helvetica Neue; font-size: small;\">0,23<\/span><\/td>\n<td valign=\"top\"><span style=\"color: #000000; font-family: Helvetica Neue; font-size: small;\">7.799<\/span><\/td>\n<td valign=\"top\"><span style=\"color: #000000; font-family: Helvetica Neue; font-size: small;\">39,30<\/span><\/td>\n<\/tr>\n<tr style=\"text-align: center;\">\n<td valign=\"top\"><span style=\"color: #000000; font-family: Helvetica Neue; font-size: small;\">2016<\/span><\/td>\n<td valign=\"top\"><span style=\"color: #000000; font-family: Helvetica Neue; font-size: small;\">Beneficio<\/span><\/td>\n<td valign=\"top\"><span style=\"color: #000000; font-family: Helvetica Neue; font-size: small;\">99.077,44<span> \u20ac<\/span><\/span><\/td>\n<td valign=\"top\"><span style=\"color: #000000; font-family: Helvetica Neue; font-size: small;\">298.825,00<\/span><\/td>\n<td valign=\"top\"><span style=\"color: #000000; font-family: Helvetica Neue; font-size: small;\">0,35<\/span><\/td>\n<td valign=\"top\"><span style=\"color: #000000; font-family: Helvetica Neue; font-size: small;\">7.289<\/span><\/td>\n<td valign=\"top\"><span style=\"color: #000000; font-family: Helvetica Neue; font-size: small;\">41,00<\/span><\/td>\n<\/tr>\n<tr style=\"text-align: center;\">\n<td valign=\"top\"><span style=\"color: #000000; font-family: Helvetica Neue; font-size: small;\">2017<\/span><\/td>\n<td valign=\"top\"><span style=\"color: #000000; font-family: Helvetica Neue; font-size: small;\">Beneficio<\/span><\/td>\n<td valign=\"top\"><span style=\"color: #000000; font-family: Helvetica Neue; font-size: small;\">97.883,71<span> \u20ac<\/span><\/span><\/td>\n<td valign=\"top\"><span style=\"color: #000000; font-family: Helvetica Neue; font-size: small;\">282.215,00<\/span><\/td>\n<td valign=\"top\"><span style=\"color: #000000; font-family: Helvetica Neue; font-size: small;\">0,34<\/span><\/td>\n<td valign=\"top\"><span style=\"color: #000000; font-family: Helvetica Neue; font-size: small;\">7.144<\/span><\/td>\n<td valign=\"top\"><span style=\"color: #000000; font-family: Helvetica Neue; font-size: small;\">39,50<\/span><\/td>\n<\/tr>\n<tr>\n<td valign=\"top\" style=\"text-align: center;\"><span style=\"color: #000000; font-family: Helvetica Neue; font-size: small;\">2018<\/span><\/td>\n<td valign=\"top\" style=\"text-align: center;\"><span style=\"color: #000000; font-family: Helvetica Neue; font-size: small;\">Beneficio<\/span><\/td>\n<td valign=\"top\" style=\"text-align: center;\"><span style=\"color: #000000; font-family: Helvetica Neue; font-size: small;\">88.335,34<span> \u20ac<\/span><\/span><\/td>\n<td valign=\"top\" style=\"text-align: center;\"><span style=\"color: #000000; font-family: Helvetica Neue; font-size: small;\">217.794,00<\/span><\/td>\n<td valign=\"top\" style=\"text-align: center;\"><span style=\"color: #000000; font-family: Helvetica Neue; font-size: small;\">0,31<\/span><\/td>\n<td valign=\"top\" style=\"text-align: center;\"><span style=\"color: #000000; font-family: Helvetica Neue; font-size: small;\">5.524<\/span><\/td>\n<td valign=\"top\">\n<p style=\"text-align: center;\"><span style=\"color: #000000; font-family: Helvetica Neue; font-size: small;\">39,43<\/span><\/p>\n<\/td>\n<\/tr>\n<\/tbody>\n<\/table>\n<p style=\"text-align: center;\">\n[\/et_pb_text][\/et_pb_column][\/et_pb_row][et_pb_row _builder_version=\u00bb3.29.3&#8243; _i=\u00bb2&#8243; _address=\u00bb1.2&#8243;][et_pb_column type=\u00bb4_4&#8243; _builder_version=\u00bb3.29.3&#8243; _i=\u00bb0&#8243; _address=\u00bb1.2.0&#8243;][\/et_pb_column][\/et_pb_row][\/et_pb_section]<\/p>\n","protected":false},"excerpt":{"rendered":"<p>En la actualidad, la Finca Los Maguenes est\u00e1 destinada al cultivo del pl\u00e1tano ofreciendo una productividad anual que oscila los 380.000 kg de pl\u00e1tanos. La ubicaci\u00f3n de la finca, las caracter\u00edsticas del suelo y el clima de la zona permitir\u00edan una \u201csencilla\u201d reconversi\u00f3n de la explotaci\u00f3n a otros cultivos m\u00e1s rentables o m\u00e1s oportunidades de [&hellip;]<\/p>\n","protected":false},"author":1,"featured_media":0,"parent":99,"menu_order":0,"comment_status":"closed","ping_status":"closed","template":"","meta":{"_et_pb_use_builder":"on","_et_pb_old_content":"","_et_gb_content_width":"","footnotes":""},"class_list":["post-118","page","type-page","status-publish","hentry"],"_links":{"self":[{"href":"https:\/\/losmaguenes.com\/index.php?rest_route=\/wp\/v2\/pages\/118","targetHints":{"allow":["GET"]}}],"collection":[{"href":"https:\/\/losmaguenes.com\/index.php?rest_route=\/wp\/v2\/pages"}],"about":[{"href":"https:\/\/losmaguenes.com\/index.php?rest_route=\/wp\/v2\/types\/page"}],"author":[{"embeddable":true,"href":"https:\/\/losmaguenes.com\/index.php?rest_route=\/wp\/v2\/users\/1"}],"replies":[{"embeddable":true,"href":"https:\/\/losmaguenes.com\/index.php?rest_route=%2Fwp%2Fv2%2Fcomments&post=118"}],"version-history":[{"count":5,"href":"https:\/\/losmaguenes.com\/index.php?rest_route=\/wp\/v2\/pages\/118\/revisions"}],"predecessor-version":[{"id":514,"href":"https:\/\/losmaguenes.com\/index.php?rest_route=\/wp\/v2\/pages\/118\/revisions\/514"}],"up":[{"embeddable":true,"href":"https:\/\/losmaguenes.com\/index.php?rest_route=\/wp\/v2\/pages\/99"}],"wp:attachment":[{"href":"https:\/\/losmaguenes.com\/index.php?rest_route=%2Fwp%2Fv2%2Fmedia&parent=118"}],"curies":[{"name":"wp","href":"https:\/\/api.w.org\/{rel}","templated":true}]}}