{"id":130,"date":"2019-09-03T19:25:03","date_gmt":"2019-09-03T17:25:03","guid":{"rendered":"http:\/\/losmaguenes.com\/?page_id=130"},"modified":"2024-01-29T13:18:06","modified_gmt":"2024-01-29T13:18:06","slug":"valoracion","status":"publish","type":"page","link":"https:\/\/losmaguenes.com\/?page_id=130","title":{"rendered":"Valoraci\u00f3n"},"content":{"rendered":"<p>[et_pb_section fb_built=\u00bb1&#8243; fullwidth=\u00bbon\u00bb _builder_version=\u00bb3.27.4&#8243; global_colors_info=\u00bb{}\u00bb][et_pb_fullwidth_post_title meta=\u00bboff\u00bb featured_image=\u00bboff\u00bb text_color=\u00bblight\u00bb _builder_version=\u00bb3.27.4&#8243; background_image=\u00bbhttps:\/\/losmaguenes.com\/wp-content\/uploads\/2019\/09\/Finca-Los-Maguenes-Abama-Tenerife-48.jpg\u00bb text_orientation=\u00bbcenter\u00bb custom_padding=\u00bb||64px||false|false\u00bb text_shadow_style=\u00bbpreset1&#8243; global_colors_info=\u00bb{}\u00bb][\/et_pb_fullwidth_post_title][\/et_pb_section][et_pb_section fb_built=\u00bb1&#8243; _builder_version=\u00bb3.27.4&#8243; global_colors_info=\u00bb{}\u00bb][et_pb_row column_structure=\u00bb1_2,1_2&#8243; _builder_version=\u00bb3.27.4&#8243; global_colors_info=\u00bb{}\u00bb][et_pb_column type=\u00bb1_2&#8243; _builder_version=\u00bb3.27.4&#8243; global_colors_info=\u00bb{}\u00bb][et_pb_text _builder_version=\u00bb3.27.4&#8243; global_colors_info=\u00bb{}\u00bb]<\/p>\n<p><span>La valoraci\u00f3n de la <b>Finca Los Maguenes <\/b>se fundamente en criterios objetivos que se enumeran a continuaci\u00f3n:<\/span><\/p>\n<ul>\n<li><span><\/span><span>Valor objetivo de mercado del suelo, infraestructuras e inmuebles de la Finca<\/span><\/li>\n<li><span><\/span><span>Entorno de calidad residencial que ofrece Playa de Abama<\/span><\/li>\n<li><span><\/span><span>Atractivo del entorno natural, paisaj\u00edstico y climatol\u00f3gico<\/span><\/li>\n<li><span><\/span><span>Inmejorables comunicaciones<\/span><\/li>\n<li><span><\/span><span>Productividad inmediata y rentable como explotaci\u00f3n platanera<\/span><\/li>\n<li><span><\/span><span>Productividad a medio plazo como explotaci\u00f3n agraria reconvertida a otros cultivos o como explotaci\u00f3n tur\u00edstica rural.<\/span><\/li>\n<li><span><\/span><span>Ideal como segunda o tercera residencia de alto standing.<\/span><\/li>\n<li><span><\/span><span>Oportunidades urban\u00edsticas y tur\u00edsticas futuras.<\/span><\/li>\n<\/ul>\n<p><span><\/span><\/p>\n<p><span>Todos estos aspectos avalan una valoraci\u00f3n de: <br \/><strong>4.000.000 \u20ac<\/strong><\/span><\/p>\n<p>[\/et_pb_text][\/et_pb_column][et_pb_column type=\u00bb1_2&#8243; _builder_version=\u00bb3.27.4&#8243; global_colors_info=\u00bb{}\u00bb][et_pb_image src=\u00bbhttps:\/\/losmaguenes.com\/wp-content\/uploads\/2019\/09\/Finca-Los-Maguenes-Abama-Tenerife-11.jpg\u00bb _builder_version=\u00bb3.27.4&#8243; global_colors_info=\u00bb{}\u00bb][\/et_pb_image][\/et_pb_column][\/et_pb_row][\/et_pb_section]<\/p>\n","protected":false},"excerpt":{"rendered":"<p>La valoraci\u00f3n de la Finca Los Maguenes se fundamente en criterios objetivos que se enumeran a continuaci\u00f3n: Valor objetivo de mercado del suelo, infraestructuras e inmuebles de la Finca Entorno de calidad residencial que ofrece Playa de Abama Atractivo del entorno natural, paisaj\u00edstico y climatol\u00f3gico Inmejorables comunicaciones Productividad inmediata y rentable como explotaci\u00f3n platanera Productividad [&hellip;]<\/p>\n","protected":false},"author":1,"featured_media":0,"parent":99,"menu_order":0,"comment_status":"closed","ping_status":"closed","template":"","meta":{"_et_pb_use_builder":"on","_et_pb_old_content":"","_et_gb_content_width":"","footnotes":""},"class_list":["post-130","page","type-page","status-publish","hentry"],"_links":{"self":[{"href":"https:\/\/losmaguenes.com\/index.php?rest_route=\/wp\/v2\/pages\/130","targetHints":{"allow":["GET"]}}],"collection":[{"href":"https:\/\/losmaguenes.com\/index.php?rest_route=\/wp\/v2\/pages"}],"about":[{"href":"https:\/\/losmaguenes.com\/index.php?rest_route=\/wp\/v2\/types\/page"}],"author":[{"embeddable":true,"href":"https:\/\/losmaguenes.com\/index.php?rest_route=\/wp\/v2\/users\/1"}],"replies":[{"embeddable":true,"href":"https:\/\/losmaguenes.com\/index.php?rest_route=%2Fwp%2Fv2%2Fcomments&post=130"}],"version-history":[{"count":6,"href":"https:\/\/losmaguenes.com\/index.php?rest_route=\/wp\/v2\/pages\/130\/revisions"}],"predecessor-version":[{"id":604,"href":"https:\/\/losmaguenes.com\/index.php?rest_route=\/wp\/v2\/pages\/130\/revisions\/604"}],"up":[{"embeddable":true,"href":"https:\/\/losmaguenes.com\/index.php?rest_route=\/wp\/v2\/pages\/99"}],"wp:attachment":[{"href":"https:\/\/losmaguenes.com\/index.php?rest_route=%2Fwp%2Fv2%2Fmedia&parent=130"}],"curies":[{"name":"wp","href":"https:\/\/api.w.org\/{rel}","templated":true}]}}