{"id":91,"date":"2019-09-03T19:05:42","date_gmt":"2019-09-03T17:05:42","guid":{"rendered":"http:\/\/losmaguenes.com\/?page_id=91"},"modified":"2019-09-23T14:30:53","modified_gmt":"2019-09-23T12:30:53","slug":"inicio","status":"publish","type":"page","link":"https:\/\/losmaguenes.com\/","title":{"rendered":"Inicio"},"content":{"rendered":"<p>[et_pb_section fb_built=\u00bb1&#8243; fullwidth=\u00bbon\u00bb _builder_version=\u00bb3.27.4&#8243; fb_built=\u00bb1&#8243; bb_built=\u00bb1&#8243; _i=\u00bb0&#8243; _address=\u00bb0&#8243;][et_pb_fullwidth_slider show_arrows=\u00bboff\u00bb use_bg_overlay=\u00bboff\u00bb use_text_overlay=\u00bboff\u00bb module_id=\u00bbmy-slider-with-logo\u00bb _builder_version=\u00bb3.27.4&#8243; text_orientation=\u00bbleft\u00bb z_index_tablet=\u00bb500&#8243; header_text_shadow_horizontal_length_tablet=\u00bb0px\u00bb header_text_shadow_vertical_length_tablet=\u00bb0px\u00bb header_text_shadow_blur_strength_tablet=\u00bb1px\u00bb body_text_shadow_horizontal_length_tablet=\u00bb0px\u00bb body_text_shadow_vertical_length_tablet=\u00bb0px\u00bb body_text_shadow_blur_strength_tablet=\u00bb1px\u00bb body_link_text_shadow_horizontal_length_tablet=\u00bb0px\u00bb body_link_text_shadow_vertical_length_tablet=\u00bb0px\u00bb body_link_text_shadow_blur_strength_tablet=\u00bb1px\u00bb body_ul_text_shadow_horizontal_length_tablet=\u00bb0px\u00bb body_ul_text_shadow_vertical_length_tablet=\u00bb0px\u00bb body_ul_text_shadow_blur_strength_tablet=\u00bb1px\u00bb body_ol_text_shadow_horizontal_length_tablet=\u00bb0px\u00bb body_ol_text_shadow_vertical_length_tablet=\u00bb0px\u00bb body_ol_text_shadow_blur_strength_tablet=\u00bb1px\u00bb body_quote_text_shadow_horizontal_length_tablet=\u00bb0px\u00bb body_quote_text_shadow_vertical_length_tablet=\u00bb0px\u00bb body_quote_text_shadow_blur_strength_tablet=\u00bb1px\u00bb button_text_shadow_horizontal_length_tablet=\u00bb0px\u00bb button_text_shadow_vertical_length_tablet=\u00bb0px\u00bb button_text_shadow_blur_strength_tablet=\u00bb1px\u00bb box_shadow_horizontal_tablet=\u00bb0px\u00bb box_shadow_vertical_tablet=\u00bb0px\u00bb box_shadow_blur_tablet=\u00bb40px\u00bb box_shadow_spread_tablet=\u00bb0px\u00bb box_shadow_horizontal_image_tablet=\u00bb0px\u00bb box_shadow_vertical_image_tablet=\u00bb0px\u00bb box_shadow_blur_image_tablet=\u00bb40px\u00bb box_shadow_spread_image_tablet=\u00bb0px\u00bb box_shadow_horizontal_button_tablet=\u00bb0px\u00bb box_shadow_vertical_button_tablet=\u00bb0px\u00bb box_shadow_blur_button_tablet=\u00bb40px\u00bb box_shadow_spread_button_tablet=\u00bb0px\u00bb text_shadow_horizontal_length_tablet=\u00bb0px\u00bb text_shadow_vertical_length_tablet=\u00bb0px\u00bb text_shadow_blur_strength_tablet=\u00bb1px\u00bb _i=\u00bb0&#8243; _address=\u00bb0.0&#8243; column_structure=\u00bb1_5,1_5,1_5,1_5,1_5&#8243;][et_pb_slide image=\u00bbhttps:\/\/losmaguenes.com\/wp-content\/uploads\/2019\/09\/Logo-Negativo.png\u00bb use_bg_overlay=\u00bboff\u00bb use_text_overlay=\u00bboff\u00bb _builder_version=\u00bb3.27.4&#8243; background_color=\u00bbrgba(0,0,0,0)\u00bb background_enable_color=\u00bbon\u00bb background_image=\u00bbhttps:\/\/losmaguenes.com\/wp-content\/uploads\/2019\/09\/Finca-Los-Maguenes-Abama-Tenerife-49.jpg\u00bb background_enable_image=\u00bbon\u00bb button_on_hover=\u00bbon\u00bb background_color_gradient_direction_tablet=\u00bb180deg\u00bb background_color_gradient_direction_phone=\u00bb180deg\u00bb background_color_gradient_start_position_tablet=\u00bb0%\u00bb background_color_gradient_start_position_phone=\u00bb0%\u00bb background_color_gradient_end_position_tablet=\u00bb100%\u00bb background_color_gradient_end_position_phone=\u00bb100%\u00bb child_filter_hue_rotate_tablet=\u00bb0deg\u00bb child_filter_hue_rotate_phone=\u00bb0deg\u00bb child_filter_saturate_tablet=\u00bb100%\u00bb child_filter_saturate_phone=\u00bb100%\u00bb child_filter_brightness_tablet=\u00bb100%\u00bb child_filter_brightness_phone=\u00bb100%\u00bb child_filter_contrast_tablet=\u00bb100%\u00bb child_filter_contrast_phone=\u00bb100%\u00bb child_filter_invert_tablet=\u00bb0%\u00bb child_filter_invert_phone=\u00bb0%\u00bb child_filter_sepia_tablet=\u00bb0%\u00bb child_filter_sepia_phone=\u00bb0%\u00bb child_filter_opacity_tablet=\u00bb100%\u00bb child_filter_opacity_phone=\u00bb100%\u00bb child_filter_blur_tablet=\u00bb0px\u00bb child_filter_blur_phone=\u00bb0px\u00bb hover_transition_duration_tablet=\u00bb300ms\u00bb hover_transition_duration_phone=\u00bb300ms\u00bb hover_transition_delay_tablet=\u00bb0ms\u00bb hover_transition_delay_phone=\u00bb0ms\u00bb header_text_shadow_horizontal_length_tablet=\u00bb0px\u00bb header_text_shadow_horizontal_length_phone=\u00bb0px\u00bb header_text_shadow_vertical_length_tablet=\u00bb0px\u00bb header_text_shadow_vertical_length_phone=\u00bb0px\u00bb header_text_shadow_blur_strength_tablet=\u00bb1px\u00bb header_text_shadow_blur_strength_phone=\u00bb1px\u00bb body_text_shadow_horizontal_length_tablet=\u00bb0px\u00bb body_text_shadow_horizontal_length_phone=\u00bb0px\u00bb body_text_shadow_vertical_length_tablet=\u00bb0px\u00bb body_text_shadow_vertical_length_phone=\u00bb0px\u00bb body_text_shadow_blur_strength_tablet=\u00bb1px\u00bb body_text_shadow_blur_strength_phone=\u00bb1px\u00bb body_link_text_shadow_horizontal_length_tablet=\u00bb0px\u00bb body_link_text_shadow_horizontal_length_phone=\u00bb0px\u00bb body_link_text_shadow_vertical_length_tablet=\u00bb0px\u00bb body_link_text_shadow_vertical_length_phone=\u00bb0px\u00bb body_link_text_shadow_blur_strength_tablet=\u00bb1px\u00bb body_link_text_shadow_blur_strength_phone=\u00bb1px\u00bb body_ul_text_shadow_horizontal_length_tablet=\u00bb0px\u00bb body_ul_text_shadow_horizontal_length_phone=\u00bb0px\u00bb body_ul_text_shadow_vertical_length_tablet=\u00bb0px\u00bb body_ul_text_shadow_vertical_length_phone=\u00bb0px\u00bb body_ul_text_shadow_blur_strength_tablet=\u00bb1px\u00bb body_ul_text_shadow_blur_strength_phone=\u00bb1px\u00bb body_ol_text_shadow_horizontal_length_tablet=\u00bb0px\u00bb body_ol_text_shadow_horizontal_length_phone=\u00bb0px\u00bb body_ol_text_shadow_vertical_length_tablet=\u00bb0px\u00bb body_ol_text_shadow_vertical_length_phone=\u00bb0px\u00bb body_ol_text_shadow_blur_strength_tablet=\u00bb1px\u00bb body_ol_text_shadow_blur_strength_phone=\u00bb1px\u00bb body_quote_text_shadow_horizontal_length_tablet=\u00bb0px\u00bb body_quote_text_shadow_horizontal_length_phone=\u00bb0px\u00bb body_quote_text_shadow_vertical_length_tablet=\u00bb0px\u00bb body_quote_text_shadow_vertical_length_phone=\u00bb0px\u00bb body_quote_text_shadow_blur_strength_tablet=\u00bb1px\u00bb body_quote_text_shadow_blur_strength_phone=\u00bb1px\u00bb button_text_shadow_horizontal_length_tablet=\u00bb0px\u00bb button_text_shadow_horizontal_length_phone=\u00bb0px\u00bb button_text_shadow_vertical_length_tablet=\u00bb0px\u00bb button_text_shadow_vertical_length_phone=\u00bb0px\u00bb button_text_shadow_blur_strength_tablet=\u00bb1px\u00bb button_text_shadow_blur_strength_phone=\u00bb1px\u00bb box_shadow_horizontal_image_tablet=\u00bb0px\u00bb box_shadow_horizontal_image_phone=\u00bb0px\u00bb box_shadow_vertical_image_tablet=\u00bb0px\u00bb box_shadow_vertical_image_phone=\u00bb0px\u00bb box_shadow_blur_image_tablet=\u00bb40px\u00bb box_shadow_blur_image_phone=\u00bb40px\u00bb box_shadow_spread_image_tablet=\u00bb0px\u00bb box_shadow_spread_image_phone=\u00bb0px\u00bb box_shadow_horizontal_button_tablet=\u00bb0px\u00bb box_shadow_horizontal_button_phone=\u00bb0px\u00bb box_shadow_vertical_button_tablet=\u00bb0px\u00bb box_shadow_vertical_button_phone=\u00bb0px\u00bb box_shadow_blur_button_tablet=\u00bb40px\u00bb box_shadow_blur_button_phone=\u00bb40px\u00bb box_shadow_spread_button_tablet=\u00bb0px\u00bb box_shadow_spread_button_phone=\u00bb0px\u00bb text_shadow_horizontal_length_tablet=\u00bb0px\u00bb text_shadow_horizontal_length_phone=\u00bb0px\u00bb text_shadow_vertical_length_tablet=\u00bb0px\u00bb text_shadow_vertical_length_phone=\u00bb0px\u00bb text_shadow_blur_strength_tablet=\u00bb1px\u00bb text_shadow_blur_strength_phone=\u00bb1px\u00bb _i=\u00bb0&#8243; _address=\u00bb0.0.0&#8243;][\/et_pb_slide][et_pb_slide image=\u00bbhttps:\/\/losmaguenes.com\/wp-content\/uploads\/2019\/09\/Logo-Negativo.png\u00bb use_bg_overlay=\u00bboff\u00bb use_text_overlay=\u00bboff\u00bb _builder_version=\u00bb3.27.4&#8243; header_level=\u00bbh2&#8243; background_color=\u00bbrgba(0,0,0,0)\u00bb background_enable_color=\u00bbon\u00bb background_image=\u00bbhttps:\/\/losmaguenes.com\/wp-content\/uploads\/2019\/09\/Finca-Los-Maguenes-Abama-Tenerife-24.jpg\u00bb background_enable_image=\u00bbon\u00bb _i=\u00bb1&#8243; _address=\u00bb0.0.1&#8243;][\/et_pb_slide][et_pb_slide image=\u00bbhttps:\/\/losmaguenes.com\/wp-content\/uploads\/2019\/09\/Logo-Negativo.png\u00bb use_bg_overlay=\u00bboff\u00bb use_text_overlay=\u00bboff\u00bb _builder_version=\u00bb3.27.4&#8243; header_level=\u00bbh2&#8243; background_color=\u00bbrgba(0,0,0,0)\u00bb background_enable_color=\u00bbon\u00bb background_image=\u00bbhttps:\/\/losmaguenes.com\/wp-content\/uploads\/2019\/09\/Finca-Los-Maguenes-Abama-Tenerife-08.jpg\u00bb background_enable_image=\u00bbon\u00bb _i=\u00bb2&#8243; _address=\u00bb0.0.2&#8243;][\/et_pb_slide][\/et_pb_fullwidth_slider][\/et_pb_section][et_pb_section fb_built=\u00bb1&#8243; _builder_version=\u00bb3.27.4&#8243; fb_built=\u00bb1&#8243; bb_built=\u00bb1&#8243; _i=\u00bb1&#8243; _address=\u00bb1&#8243;][et_pb_row _builder_version=\u00bb3.27.4&#8243; _i=\u00bb0&#8243; _address=\u00bb1.0&#8243;][et_pb_column type=\u00bb4_4&#8243; _builder_version=\u00bb3.27.4&#8243; _i=\u00bb0&#8243; _address=\u00bb1.0.0&#8243;][et_pb_video src=\u00bbhttps:\/\/losmaguenes.com\/wp-content\/uploads\/2019\/09\/Finca-Machado-480.mov\u00bb thumbnail_overlay_color=\u00bbrgba(0,0,0,0.6)\u00bb _builder_version=\u00bb3.27.4&#8243; _i=\u00bb0&#8243; _address=\u00bb1.0.0.0&#8243;][\/et_pb_video][et_pb_image _builder_version=\u00bb3.27.4&#8243; _i=\u00bb1&#8243; _address=\u00bb1.0.0.1&#8243;][\/et_pb_image][\/et_pb_column][\/et_pb_row][et_pb_row column_structure=\u00bb1_2,1_2&#8243; _builder_version=\u00bb3.27.4&#8243; _i=\u00bb1&#8243; _address=\u00bb1.1&#8243;][et_pb_column type=\u00bb1_2&#8243; _builder_version=\u00bb3.27.4&#8243; _i=\u00bb0&#8243; _address=\u00bb1.1.0&#8243;][et_pb_text _builder_version=\u00bb3.27.4&#8243; z_index_tablet=\u00bb500&#8243; text_text_shadow_horizontal_length_tablet=\u00bb0px\u00bb text_text_shadow_vertical_length_tablet=\u00bb0px\u00bb text_text_shadow_blur_strength_tablet=\u00bb1px\u00bb link_text_shadow_horizontal_length_tablet=\u00bb0px\u00bb link_text_shadow_vertical_length_tablet=\u00bb0px\u00bb link_text_shadow_blur_strength_tablet=\u00bb1px\u00bb ul_text_shadow_horizontal_length_tablet=\u00bb0px\u00bb ul_text_shadow_vertical_length_tablet=\u00bb0px\u00bb ul_text_shadow_blur_strength_tablet=\u00bb1px\u00bb ol_text_shadow_horizontal_length_tablet=\u00bb0px\u00bb ol_text_shadow_vertical_length_tablet=\u00bb0px\u00bb ol_text_shadow_blur_strength_tablet=\u00bb1px\u00bb quote_text_shadow_horizontal_length_tablet=\u00bb0px\u00bb quote_text_shadow_vertical_length_tablet=\u00bb0px\u00bb quote_text_shadow_blur_strength_tablet=\u00bb1px\u00bb header_text_shadow_horizontal_length_tablet=\u00bb0px\u00bb header_text_shadow_vertical_length_tablet=\u00bb0px\u00bb header_text_shadow_blur_strength_tablet=\u00bb1px\u00bb header_2_text_shadow_horizontal_length_tablet=\u00bb0px\u00bb header_2_text_shadow_vertical_length_tablet=\u00bb0px\u00bb header_2_text_shadow_blur_strength_tablet=\u00bb1px\u00bb header_3_text_shadow_horizontal_length_tablet=\u00bb0px\u00bb header_3_text_shadow_vertical_length_tablet=\u00bb0px\u00bb header_3_text_shadow_blur_strength_tablet=\u00bb1px\u00bb header_4_text_shadow_horizontal_length_tablet=\u00bb0px\u00bb header_4_text_shadow_vertical_length_tablet=\u00bb0px\u00bb header_4_text_shadow_blur_strength_tablet=\u00bb1px\u00bb header_5_text_shadow_horizontal_length_tablet=\u00bb0px\u00bb header_5_text_shadow_vertical_length_tablet=\u00bb0px\u00bb header_5_text_shadow_blur_strength_tablet=\u00bb1px\u00bb header_6_text_shadow_horizontal_length_tablet=\u00bb0px\u00bb header_6_text_shadow_vertical_length_tablet=\u00bb0px\u00bb header_6_text_shadow_blur_strength_tablet=\u00bb1px\u00bb box_shadow_horizontal_tablet=\u00bb0px\u00bb box_shadow_vertical_tablet=\u00bb0px\u00bb box_shadow_blur_tablet=\u00bb40px\u00bb box_shadow_spread_tablet=\u00bb0px\u00bb _i=\u00bb0&#8243; _address=\u00bb1.1.0.0&#8243;]<\/p>\n<p>La <b>Finca los Maguenes<\/b>, puesta ahora a la venta, es una rentable explotaci\u00f3n agraria situada en la vertiente oeste de la isla de Tenerife. Su cercan\u00eda a la costa, la convierte en un emplazamiento id\u00f3neo para el cultivo del pl\u00e1tano. Con este fin, la explotaci\u00f3n se ha dotado de todos los recursos, materiales, t\u00e9cnicos y humanos necesarios para producir un producto agro-alimentario certificado destinado a la exportaci\u00f3n al mercado europeo.<\/p>\n<p>[\/et_pb_text][\/et_pb_column][et_pb_column type=\u00bb1_2&#8243; _builder_version=\u00bb3.27.4&#8243; _i=\u00bb1&#8243; _address=\u00bb1.1.1&#8243;][et_pb_text _builder_version=\u00bb3.27.4&#8243; _i=\u00bb0&#8243; _address=\u00bb1.1.1.0&#8243;]<\/p>\n<p>El prop\u00f3sito de esta web es someter a la consideraci\u00f3n de los interesados qu\u00e9 oportunidades presentes y futuras ofrece <b>Los Maguenes <\/b>como inversi\u00f3n. En este sentido suman ventajas como las que ofrecen sus caracter\u00edsticas espec\u00edficas, su relieve, el clima y el entorno.<\/p>\n<p>[\/et_pb_text][\/et_pb_column][\/et_pb_row][\/et_pb_section]<\/p>\n","protected":false},"excerpt":{"rendered":"<p>La Finca los Maguenes, puesta ahora a la venta, es una rentable explotaci\u00f3n agraria situada en la vertiente oeste de la isla de Tenerife. Su cercan\u00eda a la costa, la convierte en un emplazamiento id\u00f3neo para el cultivo del pl\u00e1tano. Con este fin, la explotaci\u00f3n se ha dotado de todos los recursos, materiales, t\u00e9cnicos y [&hellip;]<\/p>\n","protected":false},"author":1,"featured_media":0,"parent":0,"menu_order":0,"comment_status":"closed","ping_status":"closed","template":"","meta":{"_et_pb_use_builder":"on","_et_pb_old_content":"","_et_gb_content_width":"","footnotes":""},"class_list":["post-91","page","type-page","status-publish","hentry"],"_links":{"self":[{"href":"https:\/\/losmaguenes.com\/index.php?rest_route=\/wp\/v2\/pages\/91","targetHints":{"allow":["GET"]}}],"collection":[{"href":"https:\/\/losmaguenes.com\/index.php?rest_route=\/wp\/v2\/pages"}],"about":[{"href":"https:\/\/losmaguenes.com\/index.php?rest_route=\/wp\/v2\/types\/page"}],"author":[{"embeddable":true,"href":"https:\/\/losmaguenes.com\/index.php?rest_route=\/wp\/v2\/users\/1"}],"replies":[{"embeddable":true,"href":"https:\/\/losmaguenes.com\/index.php?rest_route=%2Fwp%2Fv2%2Fcomments&post=91"}],"version-history":[{"count":5,"href":"https:\/\/losmaguenes.com\/index.php?rest_route=\/wp\/v2\/pages\/91\/revisions"}],"predecessor-version":[{"id":301,"href":"https:\/\/losmaguenes.com\/index.php?rest_route=\/wp\/v2\/pages\/91\/revisions\/301"}],"wp:attachment":[{"href":"https:\/\/losmaguenes.com\/index.php?rest_route=%2Fwp%2Fv2%2Fmedia&parent=91"}],"curies":[{"name":"wp","href":"https:\/\/api.w.org\/{rel}","templated":true}]}}